{"id":9057,"date":"2024-05-17T19:15:51","date_gmt":"2024-05-17T17:15:51","guid":{"rendered":"https:\/\/biofabmed.com\/?product=mindray-m-30-r-rinse-20-l"},"modified":"2024-07-29T14:03:28","modified_gmt":"2024-07-29T12:03:28","slug":"mindray-m-30-r-rinse-20-l","status":"publish","type":"product","link":"https:\/\/biofabmed.com\/?product=mindray-m-30-r-rinse-20-l","title":{"rendered":"MINDRAY M-30 R RINSE 20 L"},"content":{"rendered":"<p>9. MINDRAY M-30 R RINSE 20 L : Solution de rin\u00e7age pour les analyseurs h\u00e9matologiques Mindray BC 2800, 3000, 3000plus, 3200, utilis\u00e9e pour nettoyer l&#8217;appareil entre les mesures et pour l&#8217;entretien quotidien. Ce rin\u00e7age est crucial pour maintenir la propret\u00e9 et la fonctionnalit\u00e9 de l&#8217;\u00e9quipement.<\/p>\n","protected":false},"excerpt":{"rendered":"<p>9. MINDRAY M-30 R RINSE 20 L : Solution de rin\u00e7age pour les analyseurs h\u00e9matologiques Mindray BC 2800, 3000, 3000plus, 3200, utilis\u00e9e pour nettoyer l&#8217;appareil entre les mesures et pour l&#8217;entretien quotidien. Ce rin\u00e7age est crucial pour maintenir la propret\u00e9 et la fonctionnalit\u00e9 de l&#8217;\u00e9quipement.<\/p>\n","protected":false},"featured_media":10331,"comment_status":"open","ping_status":"closed","template":"","meta":[],"pwb-brand":[],"product_brand":[],"product_cat":[15],"product_tag":[],"class_list":{"0":"post-9057","1":"product","2":"type-product","3":"status-publish","4":"has-post-thumbnail","6":"product_cat-non-classe","8":"first","9":"instock","10":"shipping-taxable","11":"purchasable","12":"product-type-simple","13":"add-to-wishlist-after_add_to_cart"},"brands":[],"_links":{"self":[{"href":"https:\/\/biofabmed.com\/index.php?rest_route=\/wp\/v2\/product\/9057","targetHints":{"allow":["GET"]}}],"collection":[{"href":"https:\/\/biofabmed.com\/index.php?rest_route=\/wp\/v2\/product"}],"about":[{"href":"https:\/\/biofabmed.com\/index.php?rest_route=\/wp\/v2\/types\/product"}],"replies":[{"embeddable":true,"href":"https:\/\/biofabmed.com\/index.php?rest_route=%2Fwp%2Fv2%2Fcomments&post=9057"}],"wp:featuredmedia":[{"embeddable":true,"href":"https:\/\/biofabmed.com\/index.php?rest_route=\/wp\/v2\/media\/10331"}],"wp:attachment":[{"href":"https:\/\/biofabmed.com\/index.php?rest_route=%2Fwp%2Fv2%2Fmedia&parent=9057"}],"wp:term":[{"taxonomy":"pwb-brand","embeddable":true,"href":"https:\/\/biofabmed.com\/index.php?rest_route=%2Fwp%2Fv2%2Fpwb-brand&post=9057"},{"taxonomy":"product_brand","embeddable":true,"href":"https:\/\/biofabmed.com\/index.php?rest_route=%2Fwp%2Fv2%2Fproduct_brand&post=9057"},{"taxonomy":"product_cat","embeddable":true,"href":"https:\/\/biofabmed.com\/index.php?rest_route=%2Fwp%2Fv2%2Fproduct_cat&post=9057"},{"taxonomy":"product_tag","embeddable":true,"href":"https:\/\/biofabmed.com\/index.php?rest_route=%2Fwp%2Fv2%2Fproduct_tag&post=9057"}],"curies":[{"name":"wp","href":"https:\/\/api.w.org\/{rel}","templated":true}]}}