{"id":12029,"date":"2026-01-22T16:09:49","date_gmt":"2026-01-22T15:09:49","guid":{"rendered":"https:\/\/biofabmed.com\/?post_type=product&#038;p=12029"},"modified":"2026-01-22T16:11:05","modified_gmt":"2026-01-22T15:11:05","slug":"lit-medicalise-electrique-usage-domestique-elva","status":"publish","type":"product","link":"https:\/\/biofabmed.com\/?product=lit-medicalise-electrique-usage-domestique-elva","title":{"rendered":"Lit m\u00e9dicalis\u00e9 \u00e9lectrique usage domestique Elva"},"content":{"rendered":"","protected":false},"excerpt":{"rendered":"","protected":false},"featured_media":12030,"comment_status":"open","ping_status":"closed","template":"","meta":[],"pwb-brand":[594],"product_brand":[],"product_cat":[348],"product_tag":[],"class_list":{"0":"post-12029","1":"product","2":"type-product","3":"status-publish","4":"has-post-thumbnail","6":"pwb-brand-lits-medicalises","7":"product_cat-mobilier-medical","8":"ts_product_brand-lits-medicalises","10":"first","11":"instock","12":"shipping-taxable","13":"product-type-simple","14":"add-to-wishlist-after_add_to_cart"},"brands":[{"id":594,"name":"Lits m\u00e9dicalis\u00e9s","slug":"lits-medicalises"}],"_links":{"self":[{"href":"https:\/\/biofabmed.com\/index.php?rest_route=\/wp\/v2\/product\/12029","targetHints":{"allow":["GET"]}}],"collection":[{"href":"https:\/\/biofabmed.com\/index.php?rest_route=\/wp\/v2\/product"}],"about":[{"href":"https:\/\/biofabmed.com\/index.php?rest_route=\/wp\/v2\/types\/product"}],"replies":[{"embeddable":true,"href":"https:\/\/biofabmed.com\/index.php?rest_route=%2Fwp%2Fv2%2Fcomments&post=12029"}],"wp:featuredmedia":[{"embeddable":true,"href":"https:\/\/biofabmed.com\/index.php?rest_route=\/wp\/v2\/media\/12030"}],"wp:attachment":[{"href":"https:\/\/biofabmed.com\/index.php?rest_route=%2Fwp%2Fv2%2Fmedia&parent=12029"}],"wp:term":[{"taxonomy":"pwb-brand","embeddable":true,"href":"https:\/\/biofabmed.com\/index.php?rest_route=%2Fwp%2Fv2%2Fpwb-brand&post=12029"},{"taxonomy":"product_brand","embeddable":true,"href":"https:\/\/biofabmed.com\/index.php?rest_route=%2Fwp%2Fv2%2Fproduct_brand&post=12029"},{"taxonomy":"product_cat","embeddable":true,"href":"https:\/\/biofabmed.com\/index.php?rest_route=%2Fwp%2Fv2%2Fproduct_cat&post=12029"},{"taxonomy":"product_tag","embeddable":true,"href":"https:\/\/biofabmed.com\/index.php?rest_route=%2Fwp%2Fv2%2Fproduct_tag&post=12029"}],"curies":[{"name":"wp","href":"https:\/\/api.w.org\/{rel}","templated":true}]}}