{"id":12014,"date":"2026-01-22T15:25:09","date_gmt":"2026-01-22T14:25:09","guid":{"rendered":"https:\/\/biofabmed.com\/?post_type=product&#038;p=12014"},"modified":"2026-01-22T15:25:12","modified_gmt":"2026-01-22T14:25:12","slug":"masque-a-oxygene-a-haute-concentration","status":"publish","type":"product","link":"https:\/\/biofabmed.com\/?product=masque-a-oxygene-a-haute-concentration","title":{"rendered":"Masque \u00e0 oxyg\u00e8ne \u00e0 haute concentration"},"content":{"rendered":"","protected":false},"excerpt":{"rendered":"","protected":false},"featured_media":12015,"comment_status":"open","ping_status":"closed","template":"","meta":[],"pwb-brand":[574],"product_brand":[],"product_cat":[337,342],"product_tag":[],"class_list":{"0":"post-12014","1":"product","2":"type-product","3":"status-publish","4":"has-post-thumbnail","6":"pwb-brand-masques-o2","7":"product_cat-materiel-medical","8":"product_cat-respiratoire-oxygenotherapie","9":"ts_product_brand-masques-o2","11":"first","12":"instock","13":"shipping-taxable","14":"product-type-simple","15":"add-to-wishlist-after_add_to_cart"},"brands":[{"id":574,"name":"Masques O2","slug":"masques-o2"}],"_links":{"self":[{"href":"https:\/\/biofabmed.com\/index.php?rest_route=\/wp\/v2\/product\/12014","targetHints":{"allow":["GET"]}}],"collection":[{"href":"https:\/\/biofabmed.com\/index.php?rest_route=\/wp\/v2\/product"}],"about":[{"href":"https:\/\/biofabmed.com\/index.php?rest_route=\/wp\/v2\/types\/product"}],"replies":[{"embeddable":true,"href":"https:\/\/biofabmed.com\/index.php?rest_route=%2Fwp%2Fv2%2Fcomments&post=12014"}],"wp:featuredmedia":[{"embeddable":true,"href":"https:\/\/biofabmed.com\/index.php?rest_route=\/wp\/v2\/media\/12015"}],"wp:attachment":[{"href":"https:\/\/biofabmed.com\/index.php?rest_route=%2Fwp%2Fv2%2Fmedia&parent=12014"}],"wp:term":[{"taxonomy":"pwb-brand","embeddable":true,"href":"https:\/\/biofabmed.com\/index.php?rest_route=%2Fwp%2Fv2%2Fpwb-brand&post=12014"},{"taxonomy":"product_brand","embeddable":true,"href":"https:\/\/biofabmed.com\/index.php?rest_route=%2Fwp%2Fv2%2Fproduct_brand&post=12014"},{"taxonomy":"product_cat","embeddable":true,"href":"https:\/\/biofabmed.com\/index.php?rest_route=%2Fwp%2Fv2%2Fproduct_cat&post=12014"},{"taxonomy":"product_tag","embeddable":true,"href":"https:\/\/biofabmed.com\/index.php?rest_route=%2Fwp%2Fv2%2Fproduct_tag&post=12014"}],"curies":[{"name":"wp","href":"https:\/\/api.w.org\/{rel}","templated":true}]}}